{"id":2385,"date":"2023-04-09T20:37:57","date_gmt":"2023-04-09T18:37:57","guid":{"rendered":"https:\/\/europeen-immogroup.com\/fr\/?page_id=2385"},"modified":"2026-03-13T15:51:48","modified_gmt":"2026-03-13T14:51:48","slug":"home-staging","status":"publish","type":"page","link":"https:\/\/europeen-immogroup.com\/es\/home-staging","title":{"rendered":"Home Staging"},"content":{"rendered":"\n<div class=\"et_pb_section_0 et_pb_section et_section_regular et_block_section preset--module--divi-section--bca04dfa-f5d0-4d03-bd99-f8a03bb6dcf8\"><div class=\"et_pb_row_0 et_pb_row et_pb_gutters4 et_block_row preset--module--divi-row--364933ed-a409-4f80-a7bc-5b511efcf60c\"><div class=\"et_pb_column_0 et_pb_column et_pb_column_4_4 et-last-child et_block_column et_pb_css_mix_blend_mode_passthrough\"><div class=\"et_pb_text_0 et_pb_text et_pb_bg_layout_light et_pb_module et_block_module preset--module--divi-text--09c9d7f5-f508-4ba7-972a-6708e4509f0b\"><div class=\"et_pb_text_inner\"><h1>Home Staging<\/h1>\n<\/div><\/div><div class=\"et_pb_text_1 et_pb_text et_pb_bg_layout_light et_pb_module et_block_module et_pb_text_align_center preset--module--divi-text--13d2dd19-3afb-44c6-800d-5078ecbc760a\"><div class=\"et_pb_text_inner\"><h3>(puesta en escena del hogar - \u00a1presupuesto gratis!)<\/h3>\n<\/div><\/div><\/div><\/div><\/div><div class=\"et_pb_section_1 et_pb_section et_section_regular et_block_section preset--module--divi-section--74a64388-94d8-4014-b54c-f026d8449bbe\"><div class=\"et_pb_row_1 et_pb_row et_block_row ppo-column-reverse preset--module--divi-row--c21be0d9-f6c2-4caf-a463-13ca52e15fd7\"><div class=\"et_pb_column_1 et_pb_column et_pb_column_1_2 et_block_column et_pb_css_mix_blend_mode_passthrough\"><div class=\"et_pb_text_2 et_pb_text et_pb_bg_layout_light et_pb_module et_block_module et_pb_text_align_left-tablet et_pb_text_align_left-phone preset--module--divi-text--09c9d7f5-f508-4ba7-972a-6708e4509f0b\"><div class=\"et_pb_text_inner\"><p>Entendemos que la venta de una propiedad puede ser una experiencia estresante, por lo que ofrecemos servicios profesionales de puesta en escena para que el proceso sea lo m\u00e1s fluido y exitoso posible.<\/p>\n<p>Nuestro equipo tiene un amplio conocimiento de la industria y trabajar\u00e1 contigo para desarrollar un plan de puesta en escena personalizado que destacar\u00e1 las mejores caracter\u00edsticas de tu casa y crear\u00e1 un ambiente acogedor y visualmente atractivo. Entendemos que cada propiedad es \u00fanica, por lo que ofrecemos servicios personalizados que se adaptan al estilo y dise\u00f1o de tu hogar.<\/p>\n<p>Maximizamos el valor de tu propiedad, aumentando tus posibilidades de venderla m\u00e1s r\u00e1pido y por el valor adecuado. Nuestro equipo trabajar\u00e1 estrechamente contigo para garantizar que tu casa est\u00e9 preparada a la perfecci\u00f3n y lista para futuros compradores.<\/p>\n<\/div><\/div><div class=\"et_pb_module et_pb_button_module_wrapper et_pb_button_0_wrapper preset--module--divi-button--533d3c54-ae8d-4605-9261-69544ec52123_wrapper\"><a class=\"et_pb_button_0 et_pb_button et_pb_bg_layout_light et_pb_module et_block_module preset--module--divi-button--533d3c54-ae8d-4605-9261-69544ec52123\" href=\"https:\/\/europeen-immogroup.com\/es\/contacto\" data-icon=\"\uf086\">Contacta con nosotros<\/a><\/div><\/div><div class=\"et_pb_column_2 et_pb_column et_pb_column_1_2 et-last-child et_block_column et_pb_css_mix_blend_mode_passthrough\"><div class=\"et_pb_image_0 et_pb_image et_pb_module et_block_module ppo-border-by\"><span class=\"et_pb_image_wrap\"><img loading=\"lazy\" decoding=\"async\" src=\"https:\/\/europeen-immogroup.com\/es\/wp-content\/uploads\/sites\/3\/HomeStaging-05.webp\" alt=\"Home Staging\" width=\"960\" height=\"540\" srcset=\"https:\/\/europeen-immogroup.com\/es\/wp-content\/uploads\/sites\/3\/HomeStaging-05.webp 960w, https:\/\/europeen-immogroup.com\/es\/wp-content\/uploads\/sites\/3\/HomeStaging-05-480x270.webp 480w\" sizes=\"(min-width: 0px) and (max-width: 480px) 480px, (min-width: 481px) 960px, 100vw\" class=\"wp-image-2387\" \/><\/span><\/div><div class=\"et_pb_image_1 et_pb_image et_pb_module et_block_module\"><span class=\"et_pb_image_wrap\"><img loading=\"lazy\" decoding=\"async\" src=\"https:\/\/europeen-immogroup.com\/es\/wp-content\/uploads\/sites\/3\/HomeStaging-04.webp\" width=\"960\" height=\"540\" srcset=\"https:\/\/europeen-immogroup.com\/es\/wp-content\/uploads\/sites\/3\/HomeStaging-04.webp 960w, https:\/\/europeen-immogroup.com\/es\/wp-content\/uploads\/sites\/3\/HomeStaging-04-480x270.webp 480w\" sizes=\"(min-width: 0px) and (max-width: 480px) 480px, (min-width: 481px) 960px, 100vw\" class=\"wp-image-2388\" alt=\"Home Staging\" \/><\/span><\/div><\/div><\/div><\/div><div class=\"et_pb_section_2 et_pb_section et_section_regular et_block_section preset--module--divi-section--c5b430dc-6d56-4029-9669-d3c4b4849301\"><div class=\"et_pb_row_2 et_pb_row et_block_row preset--module--divi-row--346bc3c7-9000-4794-a9a8-68a9b3e0ade0\"><div class=\"et_pb_column_3 et_pb_column et_pb_column_4_4 et-last-child et_block_column et_pb_css_mix_blend_mode_passthrough\"><div class=\"et_pb_text_3 et_pb_text et_pb_bg_layout_light et_pb_module et_block_module preset--module--divi-text--13d2dd19-3afb-44c6-800d-5078ecbc760a\"><div class=\"et_pb_text_inner\"><h3>Nuestros servicios de home staging incluyen:<\/h3>\n<\/div><\/div><div class=\"et_pb_text_4 et_pb_text et_pb_bg_layout_light et_pb_module et_block_module preset--module--divi-text--13d2dd19-3afb-44c6-800d-5078ecbc760a\"><div class=\"et_pb_text_inner\"><ul>\n<li>Consulta general (\u00a1presupuesto gratis!)<\/li>\n<li>Servicio completo de home staging<\/li>\n<li>Provisi\u00f3n de mobiliario y decoraci\u00f3n<\/li>\n<li>Instalaci\u00f3n y montaje profesional<\/li>\n<li>Renovaci\u00f3n de la fachada y el exterior<\/li>\n<\/ul>\n<\/div><\/div><\/div><\/div><\/div><div class=\"et_pb_section_3 et_pb_section et_section_regular et_block_section preset--module--divi-section--c5b430dc-6d56-4029-9669-d3c4b4849301\"><div class=\"et_pb_row_3 et_pb_row et_block_row preset--module--divi-row--346bc3c7-9000-4794-a9a8-68a9b3e0ade0\"><div class=\"et_pb_column_4 et_pb_column et_pb_column_4_4 et-last-child et_block_column et_pb_css_mix_blend_mode_passthrough\"><div class=\"et_pb_text_5 et_pb_text et_pb_bg_layout_light et_pb_module et_block_module et_pb_text_align_center preset--module--divi-text--13d2dd19-3afb-44c6-800d-5078ecbc760a\"><div class=\"et_pb_text_inner\"><h3>Vende tu propiedad m\u00e1s r\u00e1pidamente y por su valor m\u00e1s justo.<\/h3>\n<\/div><\/div><\/div><\/div><\/div><div class=\"et_pb_section_4 et_pb_section et_section_regular et_block_section preset--module--divi-section--c5b430dc-6d56-4029-9669-d3c4b4849301\"><div class=\"et_pb_row_4 et_pb_row et_pb_equal_columns et_pb_gutters1 et_block_row preset--module--divi-row--346bc3c7-9000-4794-a9a8-68a9b3e0ade0\"><div class=\"et_pb_column_5 et_pb_column et_pb_column_4_4 et-last-child et_block_column et_pb_css_mix_blend_mode_passthrough\"><div class=\"et_pb_gallery_0 et_pb_gallery et_pb_bg_layout_light et_pb_gallery_grid et_pb_module\" data-auto-rotate=\"off\" data-auto-rotate-speed=\"\"><div class=\"et_pb_gallery_items et_post_gallery clearfix et_grid_module\" data-per_page=\"4\"><div class=\"et_pb_gallery_item et_pb_grid_item et_pb_gallery_item_0_0\"><div class=\"et_pb_gallery_image landscape\" data-per_page=\"4\"><a href=\"https:\/\/europeen-immogroup.com\/es\/wp-content\/uploads\/sites\/3\/HomeStaging-06.webp\" title=\"\"><img loading=\"lazy\" decoding=\"async\" width=\"400\" height=\"284\" src=\"https:\/\/europeen-immogroup.com\/es\/wp-content\/uploads\/sites\/3\/HomeStaging-06-400x284.webp\" alt=\"Home Staging - Mise en valeur de votre propri\u00e9t\u00e9\" class=\"wp-image-2389\" srcset=\"https:\/\/europeen-immogroup.com\/es\/wp-content\/uploads\/sites\/3\/HomeStaging-06.webp 479w, https:\/\/europeen-immogroup.com\/es\/wp-content\/uploads\/sites\/3\/HomeStaging-06-400x284.webp 480w\" sizes=\"(max-width:479px) 479px, 100vw\" \/><span class=\"et_overlay\" data-icon=\"\" data-icon-tablet=\"\" data-icon-phone=\"\"><\/span><\/a><\/div><\/div><div class=\"et_pb_gallery_item et_pb_grid_item et_pb_gallery_item_0_1\"><div class=\"et_pb_gallery_image landscape\" data-per_page=\"4\"><a href=\"https:\/\/europeen-immogroup.com\/es\/wp-content\/uploads\/sites\/3\/HomeStaging-05.webp\" title=\"\"><img loading=\"lazy\" decoding=\"async\" width=\"400\" height=\"284\" src=\"https:\/\/europeen-immogroup.com\/es\/wp-content\/uploads\/sites\/3\/HomeStaging-05-400x284.webp\" alt=\"Home Staging - Mise en valeur de votre propri\u00e9t\u00e9\" class=\"wp-image-2387\" srcset=\"https:\/\/europeen-immogroup.com\/es\/wp-content\/uploads\/sites\/3\/HomeStaging-05.webp 479w, https:\/\/europeen-immogroup.com\/es\/wp-content\/uploads\/sites\/3\/HomeStaging-05-400x284.webp 480w\" sizes=\"(max-width:479px) 479px, 100vw\" \/><span class=\"et_overlay\" data-icon=\"\" data-icon-tablet=\"\" data-icon-phone=\"\"><\/span><\/a><\/div><\/div><div class=\"et_pb_gallery_item et_pb_grid_item et_pb_gallery_item_0_2\"><div class=\"et_pb_gallery_image landscape\" data-per_page=\"4\"><a href=\"https:\/\/europeen-immogroup.com\/es\/wp-content\/uploads\/sites\/3\/HomeStaging-04.webp\" title=\"\"><img loading=\"lazy\" decoding=\"async\" width=\"400\" height=\"284\" src=\"https:\/\/europeen-immogroup.com\/es\/wp-content\/uploads\/sites\/3\/HomeStaging-04-400x284.webp\" alt=\"Home Staging - Mise en valeur de votre propri\u00e9t\u00e9\" class=\"wp-image-2388\" srcset=\"https:\/\/europeen-immogroup.com\/es\/wp-content\/uploads\/sites\/3\/HomeStaging-04.webp 479w, https:\/\/europeen-immogroup.com\/es\/wp-content\/uploads\/sites\/3\/HomeStaging-04-400x284.webp 480w\" sizes=\"(max-width:479px) 479px, 100vw\" \/><span class=\"et_overlay\" data-icon=\"\" data-icon-tablet=\"\" data-icon-phone=\"\"><\/span><\/a><\/div><\/div><div class=\"et_pb_gallery_item et_pb_grid_item et_pb_gallery_item_0_3\"><div class=\"et_pb_gallery_image landscape\" data-per_page=\"4\"><a href=\"https:\/\/europeen-immogroup.com\/es\/wp-content\/uploads\/sites\/3\/HomeStaging-03.webp\" title=\"\"><img loading=\"lazy\" decoding=\"async\" width=\"400\" height=\"284\" src=\"https:\/\/europeen-immogroup.com\/es\/wp-content\/uploads\/sites\/3\/HomeStaging-03-400x284.webp\" alt=\"Home Staging - Mise en valeur de votre propri\u00e9t\u00e9\" class=\"wp-image-2390\" srcset=\"https:\/\/europeen-immogroup.com\/es\/wp-content\/uploads\/sites\/3\/HomeStaging-03.webp 479w, https:\/\/europeen-immogroup.com\/es\/wp-content\/uploads\/sites\/3\/HomeStaging-03-400x284.webp 480w\" sizes=\"(max-width:479px) 479px, 100vw\" \/><span class=\"et_overlay\" data-icon=\"\" data-icon-tablet=\"\" data-icon-phone=\"\"><\/span><\/a><\/div><\/div><div class=\"et_pb_gallery_item et_pb_grid_item et_pb_gallery_item_0_4\"><div class=\"et_pb_gallery_image landscape\" data-per_page=\"4\"><a href=\"https:\/\/europeen-immogroup.com\/es\/wp-content\/uploads\/sites\/3\/HomeStaging-01.webp\" title=\"\"><img loading=\"lazy\" decoding=\"async\" width=\"400\" height=\"284\" src=\"https:\/\/europeen-immogroup.com\/es\/wp-content\/uploads\/sites\/3\/HomeStaging-01-400x284.webp\" alt=\"Home Staging - Mise en valeur de votre propri\u00e9t\u00e9\" class=\"wp-image-2391\" srcset=\"https:\/\/europeen-immogroup.com\/es\/wp-content\/uploads\/sites\/3\/HomeStaging-01.webp 479w, https:\/\/europeen-immogroup.com\/es\/wp-content\/uploads\/sites\/3\/HomeStaging-01-400x284.webp 480w\" sizes=\"(max-width:479px) 479px, 100vw\" \/><span class=\"et_overlay\" data-icon=\"\" data-icon-tablet=\"\" data-icon-phone=\"\"><\/span><\/a><\/div><\/div><div class=\"et_pb_gallery_item et_pb_grid_item et_pb_gallery_item_0_5\"><div class=\"et_pb_gallery_image landscape\" data-per_page=\"4\"><a href=\"https:\/\/europeen-immogroup.com\/es\/wp-content\/uploads\/sites\/3\/HomeStaging-02.webp\" title=\"\"><img loading=\"lazy\" decoding=\"async\" width=\"400\" height=\"284\" src=\"https:\/\/europeen-immogroup.com\/es\/wp-content\/uploads\/sites\/3\/HomeStaging-02-400x284.webp\" alt=\"Home Staging - Mise en valeur de votre propri\u00e9t\u00e9\" class=\"wp-image-2392\" srcset=\"https:\/\/europeen-immogroup.com\/es\/wp-content\/uploads\/sites\/3\/HomeStaging-02.webp 479w, https:\/\/europeen-immogroup.com\/es\/wp-content\/uploads\/sites\/3\/HomeStaging-02-400x284.webp 480w\" sizes=\"(max-width:479px) 479px, 100vw\" \/><span class=\"et_overlay\" data-icon=\"\" data-icon-tablet=\"\" data-icon-phone=\"\"><\/span><\/a><\/div><\/div><\/div><div class=\"et_pb_gallery_pagination\"><\/div><\/div><\/div><\/div><\/div><div class=\"et_pb_section_5 et_pb_section et_section_regular et_block_section preset--module--divi-section--30fc2427-151c-43ac-abed-b8cb7c3e815b\"><div class=\"et_pb_row_5 et_pb_row et_pb_gutters4 et_block_row preset--module--divi-row--de350406-b923-4b65-9ac5-826f93dd65cd\"><div class=\"et_pb_column_6 et_pb_column et_pb_column_1_3 et_block_column et_pb_css_mix_blend_mode_passthrough\"><div class=\"et_pb_icon_0 et_pb_icon et_pb_module et_block_module\"><span class=\"et_pb_icon_wrap\"><span class=\"et-pb-icon\">\uf02b<\/span><\/span><\/div><div class=\"et_pb_text_6 et_pb_text et_pb_bg_layout_light et_pb_module et_block_module et_pb_text_align_center preset--module--divi-text--09c9d7f5-f508-4ba7-972a-6708e4509f0b\"><div class=\"et_pb_text_inner\"><p>Vende tu propiedad a un precio m\u00e1s alto<\/p>\n<\/div><\/div><\/div><div class=\"et_pb_column_7 et_pb_column et_pb_column_1_3 et_block_column et_pb_css_mix_blend_mode_passthrough\"><div class=\"et_pb_icon_1 et_pb_icon et_pb_module et_block_module\"><span class=\"et_pb_icon_wrap\"><span class=\"et-pb-icon\">\uf073<\/span><\/span><\/div><div class=\"et_pb_text_7 et_pb_text et_pb_bg_layout_light et_pb_module et_block_module et_pb_text_align_center preset--module--divi-text--09c9d7f5-f508-4ba7-972a-6708e4509f0b\"><div class=\"et_pb_text_inner\"><p>Vende tu propiedad m\u00e1s r\u00e1pidamente<\/p>\n<\/div><\/div><\/div><div class=\"et_pb_column_8 et_pb_column et_pb_column_1_3 et-last-child et_block_column et_pb_css_mix_blend_mode_passthrough\"><div class=\"et_pb_icon_2 et_pb_icon et_pb_module et_block_module\"><span class=\"et_pb_icon_wrap\"><span class=\"et-pb-icon\">\uf201<\/span><\/span><\/div><div class=\"et_pb_text_8 et_pb_text et_pb_bg_layout_light et_pb_module et_block_module et_pb_text_align_center preset--module--divi-text--09c9d7f5-f508-4ba7-972a-6708e4509f0b\"><div class=\"et_pb_text_inner\"><p>Maximiza el valor de tu inversi\u00f3n<\/p>\n<\/div><\/div><\/div><\/div><\/div><div class=\"et_pb_section_6 et_pb_section et_section_regular et_block_section preset--module--divi-section--c5b430dc-6d56-4029-9669-d3c4b4849301\"><div class=\"et_pb_row_6 et_pb_row et_block_row preset--module--divi-row--7a301eb5-3407-45b5-96c7-f794eecc6cc3\"><div class=\"et_pb_column_9 et_pb_column et_pb_column_4_4 et-last-child et_block_column et_pb_css_mix_blend_mode_passthrough\"><div class=\"et_pb_text_9 et_pb_text et_pb_bg_layout_light et_pb_module et_block_module preset--module--divi-text--fa925ff7-2ff6-49b8-a649-07a8c8afccfc\"><div class=\"et_pb_text_inner\"><h3>Solicita informaci\u00f3n<\/h3>\n<\/div><\/div><div class=\"et_pb_text_10 et_pb_text et_pb_bg_layout_light et_pb_module et_block_module et_pb_text_align_center preset--module--divi-text--fa925ff7-2ff6-49b8-a649-07a8c8afccfc\"><div class=\"et_pb_text_inner\"><p>Contacta con nosotros hoy mismo para saber m\u00e1s sobre nuestros servicios y c\u00f3mo podemos ayudarte a alcanzar tus objetivos de ventas.<\/p>\n<\/div><\/div><div class=\"et_pb_module et_pb_button_module_wrapper et_pb_button_1_wrapper preset--module--divi-button--679ae6cb-c7c2-4f58-8096-d211b138225b_wrapper\"><a class=\"et_pb_button_1 et_pb_button et_pb_bg_layout_light et_pb_module et_block_module preset--module--divi-button--679ae6cb-c7c2-4f58-8096-d211b138225b\" href=\"https:\/\/europeen-immogroup.com\/es\/contacto\" data-icon=\"\uf086\">Presupuesto gratis<\/a><\/div><\/div><\/div><\/div>\n","protected":false},"excerpt":{"rendered":"<p>Servicios profesionales para mejorar su propiedad<\/p>\n","protected":false},"author":1,"featured_media":2387,"parent":0,"menu_order":0,"comment_status":"closed","ping_status":"closed","template":"","meta":{"footnotes":""},"class_list":["post-2385","page","type-page","status-publish","has-post-thumbnail","hentry"],"_links":{"self":[{"href":"https:\/\/europeen-immogroup.com\/es\/wp-json\/wp\/v2\/pages\/2385","targetHints":{"allow":["GET"]}}],"collection":[{"href":"https:\/\/europeen-immogroup.com\/es\/wp-json\/wp\/v2\/pages"}],"about":[{"href":"https:\/\/europeen-immogroup.com\/es\/wp-json\/wp\/v2\/types\/page"}],"author":[{"embeddable":true,"href":"https:\/\/europeen-immogroup.com\/es\/wp-json\/wp\/v2\/users\/1"}],"replies":[{"embeddable":true,"href":"https:\/\/europeen-immogroup.com\/es\/wp-json\/wp\/v2\/comments?post=2385"}],"version-history":[{"count":1,"href":"https:\/\/europeen-immogroup.com\/es\/wp-json\/wp\/v2\/pages\/2385\/revisions"}],"predecessor-version":[{"id":2776,"href":"https:\/\/europeen-immogroup.com\/es\/wp-json\/wp\/v2\/pages\/2385\/revisions\/2776"}],"wp:featuredmedia":[{"embeddable":true,"href":"https:\/\/europeen-immogroup.com\/es\/wp-json\/wp\/v2\/media\/2387"}],"wp:attachment":[{"href":"https:\/\/europeen-immogroup.com\/es\/wp-json\/wp\/v2\/media?parent=2385"}],"curies":[{"name":"wp","href":"https:\/\/api.w.org\/{rel}","templated":true}]}}