{"id":40,"date":"2022-12-12T16:43:26","date_gmt":"2022-12-12T15:43:26","guid":{"rendered":"https:\/\/europeen-immogroup.com\/fr\/?page_id=40"},"modified":"2026-03-13T15:51:39","modified_gmt":"2026-03-13T14:51:39","slug":"andalucia","status":"publish","type":"page","link":"https:\/\/europeen-immogroup.com\/es\/andalucia","title":{"rendered":"Andaluc\u00eda"},"content":{"rendered":"\n<div class=\"et_pb_section_0 et_pb_section et_section_regular et_block_section preset--module--divi-section--6e9e71a0-f3f4-4baf-ad19-b79628b25fa2\"><div class=\"et_pb_row_0 et_pb_row et_pb_gutters4 et_block_row preset--module--divi-row--d0add002-6cf7-464f-978c-e2b6b58c324d\"><div class=\"et_pb_column_0 et_pb_column et_pb_column_4_4 et-last-child et_block_column et_pb_css_mix_blend_mode_passthrough\"><div class=\"et_pb_text_0 et_pb_text et_pb_bg_layout_light et_pb_module et_block_module preset--module--divi-text--ebc0e806-d040-4b08-a0ea-8ff1716e205c\"><div class=\"et_pb_text_inner\"><h1>Andaluc\u00eda<\/h1>\n<\/div><\/div><\/div><\/div><div class=\"et_pb_row_1 et_pb_row et_pb_gutters4 et_block_row preset--module--divi-row--d0add002-6cf7-464f-978c-e2b6b58c324d\"><div class=\"et_pb_column_1 et_pb_column et_pb_column_4_4 et-last-child et_block_column et_pb_css_mix_blend_mode_passthrough\"><div class=\"et_pb_text_1 et_pb_text et_pb_bg_layout_light et_pb_module et_block_module preset--module--divi-text--ebc0e806-d040-4b08-a0ea-8ff1716e205c\"><div class=\"et_pb_text_inner\"><h2>Tierra de acogida, culturas y arte<\/h2>\n<\/div><\/div><div class=\"et_pb_text_2 et_pb_text et_pb_bg_layout_light et_pb_module et_block_module preset--module--divi-text--ebc0e806-d040-4b08-a0ea-8ff1716e205c\"><div class=\"et_pb_text_inner\"><p>Con m\u00e1s de 800 km de costa y una media de 300 d\u00edas de sol al a\u00f1o, la regi\u00f3n de Andaluc\u00eda te seducir\u00e1 por su bella geograf\u00eda, formada por un contraste entre mar y monta\u00f1a.<\/p>\n<p>Pero no s\u00f3lo eso: la historia de esta regi\u00f3n es milenaria y posee un inmenso patrimonio art\u00edstico. La Alhambra de Granada, la Mezquita de C\u00f3rdoba, la Giralda y el centro hist\u00f3rico de Sevilla ( todos declarados Patrimonio de la Humanidad), son s\u00f3lo la punta del iceberg de todo lo que esta regi\u00f3n ofrece desde el punto de vista cultural.<\/p>\n<p>Andaluc\u00eda es una regi\u00f3n en auge, y el sector inmobiliario sigue siendo muy din\u00e1mico, con una demanda que supera a la oferta en t\u00e9rminos de compraventa de viviendas.<\/p>\n<p>Comprar una propiedad en Andaluc\u00eda es una excelente inversi\u00f3n a corto, medio y largo plazo.<\/p>\n<\/div><\/div><\/div><\/div><\/div><div class=\"et_pb_section_1 et_pb_section et_section_regular et_block_section preset--module--divi-section--0bedc814-e73f-48c3-b9c1-71548a022f8e\"><div class=\"et_pb_row_2 et_pb_row et_block_row preset--module--divi-row--d9a16ca0-0b7e-4287-ad87-0899713b5a17\"><div class=\"et_pb_column_2 et_pb_column et_pb_column_1_2 et_block_column et_pb_css_mix_blend_mode_passthrough\"><div class=\"et_pb_image_0 et_pb_image et_pb_module et_block_module ppo-border-by\"><span class=\"et_pb_image_wrap\"><img loading=\"lazy\" decoding=\"async\" src=\"https:\/\/europeen-immogroup.com\/es\/wp-content\/uploads\/sites\/3\/Andalusia-Malaga-03.jpg\" width=\"1920\" height=\"1080\" srcset=\"https:\/\/europeen-immogroup.com\/es\/wp-content\/uploads\/sites\/3\/Andalusia-Malaga-03.jpg 1920w, https:\/\/europeen-immogroup.com\/es\/wp-content\/uploads\/sites\/3\/Andalusia-Malaga-03-1280x720.jpg 1280w, https:\/\/europeen-immogroup.com\/es\/wp-content\/uploads\/sites\/3\/Andalusia-Malaga-03-980x551.jpg 980w, https:\/\/europeen-immogroup.com\/es\/wp-content\/uploads\/sites\/3\/Andalusia-Malaga-03-480x270.jpg 480w\" sizes=\"(min-width: 0px) and (max-width: 480px) 480px, (min-width: 481px) and (max-width: 980px) 980px, (min-width: 981px) and (max-width: 1280px) 1280px, (min-width: 1281px) 1920px, 100vw\" class=\"wp-image-1762\" alt=\"Andalusia Alhambra\" \/><\/span><\/div><div class=\"et_pb_image_1 et_pb_image et_pb_module et_block_module\"><span class=\"et_pb_image_wrap\"><img loading=\"lazy\" decoding=\"async\" src=\"https:\/\/europeen-immogroup.com\/es\/wp-content\/uploads\/sites\/3\/Andalusia-Sea-01.jpg\" width=\"1920\" height=\"1080\" srcset=\"https:\/\/europeen-immogroup.com\/es\/wp-content\/uploads\/sites\/3\/Andalusia-Sea-01.jpg 1920w, https:\/\/europeen-immogroup.com\/es\/wp-content\/uploads\/sites\/3\/Andalusia-Sea-01-1280x720.jpg 1280w, https:\/\/europeen-immogroup.com\/es\/wp-content\/uploads\/sites\/3\/Andalusia-Sea-01-980x551.jpg 980w, https:\/\/europeen-immogroup.com\/es\/wp-content\/uploads\/sites\/3\/Andalusia-Sea-01-480x270.jpg 480w\" sizes=\"(min-width: 0px) and (max-width: 480px) 480px, (min-width: 481px) and (max-width: 980px) 980px, (min-width: 981px) and (max-width: 1280px) 1280px, (min-width: 1281px) 1920px, 100vw\" class=\"wp-image-1753\" alt=\"Andalusia Alhambra\" \/><\/span><\/div><\/div><div class=\"et_pb_column_3 et_pb_column et_pb_column_1_2 et-last-child et_block_column et_pb_css_mix_blend_mode_passthrough\"><div class=\"et_pb_text_3 et_pb_text et_pb_bg_layout_light et_pb_module et_block_module preset--module--divi-text--4bc64090-3f02-45ff-b4c3-96221994a1c6\"><div class=\"et_pb_text_inner\"><h2>Clima<\/h2>\n<\/div><\/div><div class=\"et_pb_text_4 et_pb_text et_pb_bg_layout_light et_pb_module et_block_module et_pb_text_align_justified et_pb_text_align_justified-tablet et_pb_text_align_left-phone preset--module--divi-text--4bc64090-3f02-45ff-b4c3-96221994a1c6\"><div class=\"et_pb_text_inner\"><p>El territorio andaluz es tan diverso geogr\u00e1ficamente que, mientras en lugares como Sierra Morena el clima es t\u00edpicamente mediterr\u00e1neo, en otros como Sierra Nevada se da un clima de monta\u00f1a, con bajas temperaturas y nevadas.<\/p>\n<p>En cambio, en Almer\u00eda las precipitaciones son escasas y en el sur de Granada y M\u00e1laga hay un clima tropical.<\/p>\n<\/div><\/div><\/div><\/div><\/div><div class=\"et_pb_section_2 et_pb_section et_section_regular et_block_section preset--module--divi-section--6e9e71a0-f3f4-4baf-ad19-b79628b25fa2\"><div class=\"et_pb_row_3 et_pb_row et_pb_gutters4 et_block_row ppo-column-reverse preset--module--divi-row--d0add002-6cf7-464f-978c-e2b6b58c324d\"><div class=\"et_pb_column_4 et_pb_column et_pb_column_1_2 et_block_column et_pb_css_mix_blend_mode_passthrough\"><div class=\"et_pb_text_5 et_pb_text et_pb_bg_layout_light et_pb_module et_block_module preset--module--divi-text--ebc0e806-d040-4b08-a0ea-8ff1716e205c\"><div class=\"et_pb_text_inner\"><h2>Arquitectura<\/h2>\n<\/div><\/div><div class=\"et_pb_text_6 et_pb_text et_pb_bg_layout_light et_pb_module et_block_module et_pb_text_align_justified et_pb_text_align_left-tablet et_pb_text_align_left-phone preset--module--divi-text--ebc0e806-d040-4b08-a0ea-8ff1716e205c\"><div class=\"et_pb_text_inner\"><p>La arquitectura andaluza es una de las m\u00e1s admiradas en Espa\u00f1a y en todo el mundo, por su belleza y sus caracter\u00edsticas propias, herencia de todas las culturas y pueblos que se han asentado en la regi\u00f3n a lo largo de los siglos.<\/p>\n<\/div><\/div><\/div><div class=\"et_pb_column_5 et_pb_column et_pb_column_1_2 et-last-child et_block_column et_pb_css_mix_blend_mode_passthrough\"><div class=\"et_pb_image_2 et_pb_image et_pb_module et_block_module ppo-border-by\"><span class=\"et_pb_image_wrap\"><img loading=\"lazy\" decoding=\"async\" src=\"https:\/\/europeen-immogroup.com\/es\/wp-content\/uploads\/sites\/3\/Andalusia-Alhambra-01.jpg\" width=\"1920\" height=\"1080\" srcset=\"https:\/\/europeen-immogroup.com\/es\/wp-content\/uploads\/sites\/3\/Andalusia-Alhambra-01.jpg 1920w, https:\/\/europeen-immogroup.com\/es\/wp-content\/uploads\/sites\/3\/Andalusia-Alhambra-01-1280x720.jpg 1280w, https:\/\/europeen-immogroup.com\/es\/wp-content\/uploads\/sites\/3\/Andalusia-Alhambra-01-980x551.jpg 980w, https:\/\/europeen-immogroup.com\/es\/wp-content\/uploads\/sites\/3\/Andalusia-Alhambra-01-480x270.jpg 480w\" sizes=\"(min-width: 0px) and (max-width: 480px) 480px, (min-width: 481px) and (max-width: 980px) 980px, (min-width: 981px) and (max-width: 1280px) 1280px, (min-width: 1281px) 1920px, 100vw\" class=\"wp-image-1754\" alt=\"Andalusia Alhambra\" \/><\/span><\/div><div class=\"et_pb_image_3 et_pb_image et_pb_module et_block_module\"><span class=\"et_pb_image_wrap\"><img loading=\"lazy\" decoding=\"async\" src=\"https:\/\/europeen-immogroup.com\/es\/wp-content\/uploads\/sites\/3\/Andalusia-Alhambra-02.jpg\" width=\"1920\" height=\"1080\" srcset=\"https:\/\/europeen-immogroup.com\/es\/wp-content\/uploads\/sites\/3\/Andalusia-Alhambra-02.jpg 1920w, https:\/\/europeen-immogroup.com\/es\/wp-content\/uploads\/sites\/3\/Andalusia-Alhambra-02-1280x720.jpg 1280w, https:\/\/europeen-immogroup.com\/es\/wp-content\/uploads\/sites\/3\/Andalusia-Alhambra-02-980x551.jpg 980w, https:\/\/europeen-immogroup.com\/es\/wp-content\/uploads\/sites\/3\/Andalusia-Alhambra-02-480x270.jpg 480w\" sizes=\"(min-width: 0px) and (max-width: 480px) 480px, (min-width: 481px) and (max-width: 980px) 980px, (min-width: 981px) and (max-width: 1280px) 1280px, (min-width: 1281px) 1920px, 100vw\" class=\"wp-image-1755\" alt=\"Andalusia Alhambra\" \/><\/span><\/div><\/div><\/div><\/div><div class=\"et_pb_section_3 et_pb_section et_section_regular et_block_section preset--module--divi-section--0bedc814-e73f-48c3-b9c1-71548a022f8e\"><div class=\"et_pb_row_4 et_pb_row et_block_row preset--module--divi-row--d9a16ca0-0b7e-4287-ad87-0899713b5a17\"><div class=\"et_pb_column_6 et_pb_column et_pb_column_1_2 et_block_column et_pb_css_mix_blend_mode_passthrough\"><div class=\"et_pb_image_4 et_pb_image et_pb_module et_block_module ppo-border-by\"><span class=\"et_pb_image_wrap\"><img loading=\"lazy\" decoding=\"async\" src=\"https:\/\/europeen-immogroup.com\/es\/wp-content\/uploads\/sites\/3\/Andalusia-Malaga-01.jpg\" width=\"1920\" height=\"1080\" srcset=\"https:\/\/europeen-immogroup.com\/es\/wp-content\/uploads\/sites\/3\/Andalusia-Malaga-01.jpg 1920w, https:\/\/europeen-immogroup.com\/es\/wp-content\/uploads\/sites\/3\/Andalusia-Malaga-01-1280x720.jpg 1280w, https:\/\/europeen-immogroup.com\/es\/wp-content\/uploads\/sites\/3\/Andalusia-Malaga-01-980x551.jpg 980w, https:\/\/europeen-immogroup.com\/es\/wp-content\/uploads\/sites\/3\/Andalusia-Malaga-01-480x270.jpg 480w\" sizes=\"(min-width: 0px) and (max-width: 480px) 480px, (min-width: 481px) and (max-width: 980px) 980px, (min-width: 981px) and (max-width: 1280px) 1280px, (min-width: 1281px) 1920px, 100vw\" class=\"wp-image-1766\" alt=\"Andalusia Malaga\" \/><\/span><\/div><div class=\"et_pb_image_5 et_pb_image et_pb_module et_block_module\"><span class=\"et_pb_image_wrap\"><img loading=\"lazy\" decoding=\"async\" src=\"https:\/\/europeen-immogroup.com\/es\/wp-content\/uploads\/sites\/3\/Andalusia-Easter-01.jpg\" width=\"1920\" height=\"1080\" srcset=\"https:\/\/europeen-immogroup.com\/es\/wp-content\/uploads\/sites\/3\/Andalusia-Easter-01.jpg 1920w, https:\/\/europeen-immogroup.com\/es\/wp-content\/uploads\/sites\/3\/Andalusia-Easter-01-1280x720.jpg 1280w, https:\/\/europeen-immogroup.com\/es\/wp-content\/uploads\/sites\/3\/Andalusia-Easter-01-980x551.jpg 980w, https:\/\/europeen-immogroup.com\/es\/wp-content\/uploads\/sites\/3\/Andalusia-Easter-01-480x270.jpg 480w\" sizes=\"(min-width: 0px) and (max-width: 480px) 480px, (min-width: 481px) and (max-width: 980px) 980px, (min-width: 981px) and (max-width: 1280px) 1280px, (min-width: 1281px) 1920px, 100vw\" class=\"wp-image-1769\" alt=\"Andalusia Easter\" \/><\/span><\/div><\/div><div class=\"et_pb_column_7 et_pb_column et_pb_column_1_2 et-last-child et_block_column et_pb_css_mix_blend_mode_passthrough\"><div class=\"et_pb_text_7 et_pb_text et_pb_bg_layout_light et_pb_module et_block_module preset--module--divi-text--4bc64090-3f02-45ff-b4c3-96221994a1c6\"><div class=\"et_pb_text_inner\"><h2>Cultura y actividades<\/h2>\n<\/div><\/div><div class=\"et_pb_text_8 et_pb_text et_pb_bg_layout_light et_pb_module et_block_module et_pb_text_align_justified et_pb_text_align_justified-tablet et_pb_text_align_left-phone preset--module--divi-text--4bc64090-3f02-45ff-b4c3-96221994a1c6\"><div class=\"et_pb_text_inner\"><p>La variedad de fiestas y celebraciones en Andaluc\u00eda es tan amplia como su geograf\u00eda, y su calendario es una representaci\u00f3n de las artes y costumbres locales. Desde cer\u00e1mica y alfarer\u00eda, hasta flamenco, submarinismo, esqu\u00ed y numerosos museos, las posibilidades son infinitas.<\/p>\n<\/div><\/div><\/div><\/div><\/div><div class=\"et_pb_section_4 et_pb_section et_section_regular et_block_section preset--module--divi-section--6e9e71a0-f3f4-4baf-ad19-b79628b25fa2\"><div class=\"et_pb_row_5 et_pb_row et_pb_gutters4 et_block_row ppo-column-reverse preset--module--divi-row--d0add002-6cf7-464f-978c-e2b6b58c324d\"><div class=\"et_pb_column_8 et_pb_column et_pb_column_1_2 et_block_column et_pb_css_mix_blend_mode_passthrough\"><div class=\"et_pb_text_9 et_pb_text et_pb_bg_layout_light et_pb_module et_block_module preset--module--divi-text--ebc0e806-d040-4b08-a0ea-8ff1716e205c\"><div class=\"et_pb_text_inner\"><h2>Gastronom\u00eda<\/h2>\n<\/div><\/div><div class=\"et_pb_text_10 et_pb_text et_pb_bg_layout_light et_pb_module et_block_module et_pb_text_align_justified et_pb_text_align_left-tablet et_pb_text_align_left-phone preset--module--divi-text--ebc0e806-d040-4b08-a0ea-8ff1716e205c\"><div class=\"et_pb_text_inner\"><p>La gastronom\u00eda andaluza es rica y variada, con alimentos de la costa y del interior. Se trata de una cocina mediterr\u00e1nea en la que predominan el aceite de oliva, los frutos secos, el pescado y la carne. La reposter\u00eda est\u00e1 muy influenciada por la cocina al-adanlus\u00ed, con el uso de almendras y miel.<\/p>\n<\/div><\/div><\/div><div class=\"et_pb_column_9 et_pb_column et_pb_column_1_2 et-last-child et_block_column et_pb_css_mix_blend_mode_passthrough\"><div class=\"et_pb_image_6 et_pb_image et_pb_module et_block_module ppo-border-by\"><span class=\"et_pb_image_wrap\"><img loading=\"lazy\" decoding=\"async\" src=\"https:\/\/europeen-immogroup.com\/es\/wp-content\/uploads\/sites\/3\/Andalusia-Marbella-01.jpg\" width=\"1920\" height=\"1080\" srcset=\"https:\/\/europeen-immogroup.com\/es\/wp-content\/uploads\/sites\/3\/Andalusia-Marbella-01.jpg 1920w, https:\/\/europeen-immogroup.com\/es\/wp-content\/uploads\/sites\/3\/Andalusia-Marbella-01-1280x720.jpg 1280w, https:\/\/europeen-immogroup.com\/es\/wp-content\/uploads\/sites\/3\/Andalusia-Marbella-01-980x551.jpg 980w, https:\/\/europeen-immogroup.com\/es\/wp-content\/uploads\/sites\/3\/Andalusia-Marbella-01-480x270.jpg 480w\" sizes=\"(min-width: 0px) and (max-width: 480px) 480px, (min-width: 481px) and (max-width: 980px) 980px, (min-width: 981px) and (max-width: 1280px) 1280px, (min-width: 1281px) 1920px, 100vw\" class=\"wp-image-1759\" alt=\"Andalusia Sweets Marbella\" \/><\/span><\/div><div class=\"et_pb_image_7 et_pb_image et_pb_module et_block_module\"><span class=\"et_pb_image_wrap\"><img loading=\"lazy\" decoding=\"async\" src=\"https:\/\/europeen-immogroup.com\/es\/wp-content\/uploads\/sites\/3\/Andalusia-Spain-01.jpg\" width=\"1920\" height=\"1080\" srcset=\"https:\/\/europeen-immogroup.com\/es\/wp-content\/uploads\/sites\/3\/Andalusia-Spain-01.jpg 1920w, https:\/\/europeen-immogroup.com\/es\/wp-content\/uploads\/sites\/3\/Andalusia-Spain-01-1280x720.jpg 1280w, https:\/\/europeen-immogroup.com\/es\/wp-content\/uploads\/sites\/3\/Andalusia-Spain-01-980x551.jpg 980w, https:\/\/europeen-immogroup.com\/es\/wp-content\/uploads\/sites\/3\/Andalusia-Spain-01-480x270.jpg 480w\" sizes=\"(min-width: 0px) and (max-width: 480px) 480px, (min-width: 481px) and (max-width: 980px) 980px, (min-width: 981px) and (max-width: 1280px) 1280px, (min-width: 1281px) 1920px, 100vw\" class=\"wp-image-1756\" alt=\"Andalusia Food\" \/><\/span><\/div><\/div><\/div><div class=\"et_pb_row_6 et_pb_row et_pb_gutters4 et_block_row preset--module--divi-row--d0add002-6cf7-464f-978c-e2b6b58c324d\"><div class=\"et_pb_column_10 et_pb_column et_pb_column_1_2 et_block_column et_pb_css_mix_blend_mode_passthrough\"><div class=\"et_pb_text_11 et_pb_text et_pb_bg_layout_light et_pb_module et_block_module preset--module--divi-text--ebc0e806-d040-4b08-a0ea-8ff1716e205c\"><div class=\"et_pb_text_inner\"><h2>Aeropuertos<\/h2>\n<\/div><\/div><div class=\"et_pb_text_12 et_pb_text et_pb_bg_layout_light et_pb_module et_block_module preset--module--divi-text--ebc0e806-d040-4b08-a0ea-8ff1716e205c\"><div class=\"et_pb_text_inner\"><p>Con m\u00e1s de 15 millones de turistas al a\u00f1o, Andaluc\u00eda cuenta con 5 aeropuertos en su territorio.<\/p>\n<p>Los aeropuertos de M\u00e1laga, Sevilla y Jerez de la Frontera cuentan con varias compa\u00f1\u00edas a\u00e9reas nacionales, europeas e internacionales. Por otro lado, los aeropuertos de Granada y Almer\u00eda operan principalmente vuelos nacionales y s\u00f3lo algunas compa\u00f1\u00edas internacionales.<\/p>\n<\/div><\/div><\/div><div class=\"et_pb_column_11 et_pb_column et_pb_column_1_2 et-last-child et_block_column et_pb_css_mix_blend_mode_passthrough\"><div class=\"et_pb_code_0 et_pb_code et_pb_module\"><div class=\"et_pb_code_inner\"><iframe loading=\"lazy\" src=\"https:\/\/www.google.com\/maps\/d\/embed?mid=18n4Fj3i2_SmIT3GUsKuE52Htt467yH4&ehbc=2E312F\" width=\"100%\" height=\"480\"><\/iframe><\/div><\/div><\/div><\/div><div class=\"et_pb_row_7 et_pb_row et_block_row\"><div class=\"et_pb_column_12 et_pb_column et_pb_column_4_4 et-last-child et_block_column et_pb_css_mix_blend_mode_passthrough\"><div class=\"et_pb_module et_pb_button_module_wrapper et_pb_button_0_wrapper\"><a class=\"et_pb_button_0 et_pb_button et_pb_bg_layout_light et_pb_module et_block_module\" href=\"https:\/\/europeen-immogroup.com\/es\/en-venta\" data-icon=\"\ue066\">Descubre nuestras propiedades en venta<\/a><\/div><\/div><\/div><\/div>\n","protected":false},"excerpt":{"rendered":"","protected":false},"author":1,"featured_media":0,"parent":0,"menu_order":0,"comment_status":"closed","ping_status":"closed","template":"","meta":{"footnotes":""},"class_list":["post-40","page","type-page","status-publish","hentry"],"_links":{"self":[{"href":"https:\/\/europeen-immogroup.com\/es\/wp-json\/wp\/v2\/pages\/40","targetHints":{"allow":["GET"]}}],"collection":[{"href":"https:\/\/europeen-immogroup.com\/es\/wp-json\/wp\/v2\/pages"}],"about":[{"href":"https:\/\/europeen-immogroup.com\/es\/wp-json\/wp\/v2\/types\/page"}],"author":[{"embeddable":true,"href":"https:\/\/europeen-immogroup.com\/es\/wp-json\/wp\/v2\/users\/1"}],"replies":[{"embeddable":true,"href":"https:\/\/europeen-immogroup.com\/es\/wp-json\/wp\/v2\/comments?post=40"}],"version-history":[{"count":1,"href":"https:\/\/europeen-immogroup.com\/es\/wp-json\/wp\/v2\/pages\/40\/revisions"}],"predecessor-version":[{"id":2771,"href":"https:\/\/europeen-immogroup.com\/es\/wp-json\/wp\/v2\/pages\/40\/revisions\/2771"}],"wp:attachment":[{"href":"https:\/\/europeen-immogroup.com\/es\/wp-json\/wp\/v2\/media?parent=40"}],"curies":[{"name":"wp","href":"https:\/\/api.w.org\/{rel}","templated":true}]}}