{"id":2385,"date":"2023-04-09T20:37:57","date_gmt":"2023-04-09T18:37:57","guid":{"rendered":"https:\/\/europeen-immogroup.com\/fr\/?page_id=2385"},"modified":"2026-03-13T15:50:13","modified_gmt":"2026-03-13T14:50:13","slug":"home-staging","status":"publish","type":"page","link":"https:\/\/europeen-immogroup.com\/fr\/home-staging","title":{"rendered":"Home Staging"},"content":{"rendered":"\n<div class=\"et_pb_section_0 et_pb_section et_section_regular et_block_section preset--module--divi-section--bca04dfa-f5d0-4d03-bd99-f8a03bb6dcf8\"><div class=\"et_pb_row_0 et_pb_row et_pb_gutters4 et_block_row preset--module--divi-row--364933ed-a409-4f80-a7bc-5b511efcf60c\"><div class=\"et_pb_column_0 et_pb_column et_pb_column_4_4 et-last-child et_block_column et_pb_css_mix_blend_mode_passthrough\"><div class=\"et_pb_text_0 et_pb_text et_pb_bg_layout_light et_pb_module et_block_module preset--module--divi-text--09c9d7f5-f508-4ba7-972a-6708e4509f0b\"><div class=\"et_pb_text_inner\"><h1>Home Staging<\/h1>\n<\/div><\/div><div class=\"et_pb_text_1 et_pb_text et_pb_bg_layout_light et_pb_module et_block_module et_pb_text_align_center preset--module--divi-text--13d2dd19-3afb-44c6-800d-5078ecbc760a\"><div class=\"et_pb_text_inner\"><h3>Mise en valeur de votre maison - devis gratuit !<\/h3>\n<\/div><\/div><\/div><\/div><\/div><div class=\"et_pb_section_1 et_pb_section et_section_regular et_block_section preset--module--divi-section--74a64388-94d8-4014-b54c-f026d8449bbe\"><div class=\"et_pb_row_1 et_pb_row et_block_row ppo-column-reverse preset--module--divi-row--c21be0d9-f6c2-4caf-a463-13ca52e15fd7\"><div class=\"et_pb_column_1 et_pb_column et_pb_column_1_2 et_block_column et_pb_css_mix_blend_mode_passthrough\"><div class=\"et_pb_text_2 et_pb_text et_pb_bg_layout_light et_pb_module et_block_module et_pb_text_align_left-tablet et_pb_text_align_left-phone preset--module--divi-text--09c9d7f5-f508-4ba7-972a-6708e4509f0b\"><div class=\"et_pb_text_inner\"><p>Nous comprenons que la vente d'une propri\u00e9t\u00e9 peut \u00eatre une exp\u00e9rience stressante, et c'est pourquoi nous offrons des services professionnels de mise en valeur de votre propri\u00e9t\u00e9 afin de rendre le processus aussi fluide et r\u00e9ussi que possible.<\/p>\n<p>Notre \u00e9quipe poss\u00e8de une connaissance approfondie du secteur et travaillera avec vous pour \u00e9laborer un plan de mise en valeur personnalis\u00e9 qui mettra en \u00e9vidence les meilleurs atouts de votre maison et cr\u00e9era une atmosph\u00e8re accueillante et visuellement attrayante. Nous comprenons que chaque propri\u00e9t\u00e9 est unique, c'est pourquoi nous fournissons des services personnalis\u00e9s qui s'adaptent au style et \u00e0 l'agencement de votre maison.<\/p>\n<p>Nous maximisons la valeur de votre propri\u00e9t\u00e9, augmentant ainsi vos chances de la vendre plus rapidement et \u00e0 sa valeur la plus juste. Notre \u00e9quipe travaillera en \u00e9troite collaboration avec vous pour s'assurer que votre maison est mise en sc\u00e8ne \u00e0 la perfection et pr\u00eate \u00e0 accueillir les futurs acqu\u00e9reurs.<\/p>\n<\/div><\/div><div class=\"et_pb_module et_pb_button_module_wrapper et_pb_button_0_wrapper preset--module--divi-button--533d3c54-ae8d-4605-9261-69544ec52123_wrapper\"><a class=\"et_pb_button_0 et_pb_button et_pb_bg_layout_light et_pb_module et_block_module preset--module--divi-button--533d3c54-ae8d-4605-9261-69544ec52123\" href=\"https:\/\/europeen-immogroup.com\/fr\/contact\" data-icon=\"\uf086\">Contactez-nous<\/a><\/div><\/div><div class=\"et_pb_column_2 et_pb_column et_pb_column_1_2 et-last-child et_block_column et_pb_css_mix_blend_mode_passthrough\"><div class=\"et_pb_image_0 et_pb_image et_pb_module et_block_module ppo-border-by\"><span class=\"et_pb_image_wrap\"><img loading=\"lazy\" decoding=\"async\" src=\"https:\/\/europeen-immogroup.com\/fr\/wp-content\/uploads\/sites\/2\/HomeStaging-05.webp\" alt=\"Home Staging\" width=\"960\" height=\"540\" srcset=\"https:\/\/europeen-immogroup.com\/fr\/wp-content\/uploads\/sites\/2\/HomeStaging-05.webp 960w, https:\/\/europeen-immogroup.com\/fr\/wp-content\/uploads\/sites\/2\/HomeStaging-05-480x270.webp 480w\" sizes=\"(min-width: 0px) and (max-width: 480px) 480px, (min-width: 481px) 960px, 100vw\" class=\"wp-image-2387\" \/><\/span><\/div><div class=\"et_pb_image_1 et_pb_image et_pb_module et_block_module\"><span class=\"et_pb_image_wrap\"><img loading=\"lazy\" decoding=\"async\" src=\"https:\/\/europeen-immogroup.com\/fr\/wp-content\/uploads\/sites\/2\/HomeStaging-04.webp\" width=\"960\" height=\"540\" srcset=\"https:\/\/europeen-immogroup.com\/fr\/wp-content\/uploads\/sites\/2\/HomeStaging-04.webp 960w, https:\/\/europeen-immogroup.com\/fr\/wp-content\/uploads\/sites\/2\/HomeStaging-04-480x270.webp 480w\" sizes=\"(min-width: 0px) and (max-width: 480px) 480px, (min-width: 481px) 960px, 100vw\" class=\"wp-image-2388\" alt=\"Home Staging\" \/><\/span><\/div><\/div><\/div><\/div><div class=\"et_pb_section_2 et_pb_section et_section_regular et_block_section preset--module--divi-section--c5b430dc-6d56-4029-9669-d3c4b4849301\"><div class=\"et_pb_row_2 et_pb_row et_block_row preset--module--divi-row--346bc3c7-9000-4794-a9a8-68a9b3e0ade0\"><div class=\"et_pb_column_3 et_pb_column et_pb_column_4_4 et-last-child et_block_column et_pb_css_mix_blend_mode_passthrough\"><div class=\"et_pb_text_3 et_pb_text et_pb_bg_layout_light et_pb_module et_block_module preset--module--divi-text--13d2dd19-3afb-44c6-800d-5078ecbc760a\"><div class=\"et_pb_text_inner\"><h3>Nos services de home staging comprennent :<\/h3>\n<\/div><\/div><div class=\"et_pb_text_4 et_pb_text et_pb_bg_layout_light et_pb_module et_block_module preset--module--divi-text--13d2dd19-3afb-44c6-800d-5078ecbc760a\"><div class=\"et_pb_text_inner\"><ul>\n<li>Consultation g\u00e9n\u00e9rale (devis gratuit !)<\/li>\n<li>Service complet de mise en valeur de la maison<\/li>\n<li>Fourniture de meubles et de d\u00e9corations<\/li>\n<li>Installation professionnelle et mise en place<\/li>\n<li>R\u00e9novation de la fa\u00e7ade et de l'ext\u00e9rieur<\/li>\n<\/ul>\n<\/div><\/div><\/div><\/div><\/div><div class=\"et_pb_section_3 et_pb_section et_section_regular et_block_section preset--module--divi-section--c5b430dc-6d56-4029-9669-d3c4b4849301\"><div class=\"et_pb_row_3 et_pb_row et_block_row preset--module--divi-row--346bc3c7-9000-4794-a9a8-68a9b3e0ade0\"><div class=\"et_pb_column_4 et_pb_column et_pb_column_4_4 et-last-child et_block_column et_pb_css_mix_blend_mode_passthrough\"><div class=\"et_pb_text_5 et_pb_text et_pb_bg_layout_light et_pb_module et_block_module et_pb_text_align_center preset--module--divi-text--13d2dd19-3afb-44c6-800d-5078ecbc760a\"><div class=\"et_pb_text_inner\"><h3>Vendez votre bien plus rapidement et \u00e0 sa valeur la plus juste.<\/h3>\n<\/div><\/div><\/div><\/div><\/div><div class=\"et_pb_section_4 et_pb_section et_section_regular et_block_section preset--module--divi-section--c5b430dc-6d56-4029-9669-d3c4b4849301\"><div class=\"et_pb_row_4 et_pb_row et_pb_equal_columns et_pb_gutters1 et_block_row preset--module--divi-row--346bc3c7-9000-4794-a9a8-68a9b3e0ade0\"><div class=\"et_pb_column_5 et_pb_column et_pb_column_4_4 et-last-child et_block_column et_pb_css_mix_blend_mode_passthrough\"><div class=\"et_pb_gallery_0 et_pb_gallery et_pb_bg_layout_light et_pb_gallery_grid et_pb_module\" data-auto-rotate=\"off\" data-auto-rotate-speed=\"\"><div class=\"et_pb_gallery_items et_post_gallery clearfix et_grid_module\" data-per_page=\"4\"><div class=\"et_pb_gallery_item et_pb_grid_item et_pb_gallery_item_0_0\"><div class=\"et_pb_gallery_image landscape\" data-per_page=\"4\"><a href=\"https:\/\/europeen-immogroup.com\/fr\/wp-content\/uploads\/sites\/2\/HomeStaging-06.webp\" title=\"\"><img loading=\"lazy\" decoding=\"async\" width=\"400\" height=\"284\" src=\"https:\/\/europeen-immogroup.com\/fr\/wp-content\/uploads\/sites\/2\/HomeStaging-06-400x284.webp\" alt=\"Home Staging - Mise en valeur de votre propri\u00e9t\u00e9\" class=\"wp-image-2389\" srcset=\"https:\/\/europeen-immogroup.com\/fr\/wp-content\/uploads\/sites\/2\/HomeStaging-06.webp 479w, https:\/\/europeen-immogroup.com\/fr\/wp-content\/uploads\/sites\/2\/HomeStaging-06-400x284.webp 480w\" sizes=\"(max-width:479px) 479px, 100vw\" \/><span class=\"et_overlay\" data-icon=\"\" data-icon-tablet=\"\" data-icon-phone=\"\"><\/span><\/a><\/div><\/div><div class=\"et_pb_gallery_item et_pb_grid_item et_pb_gallery_item_0_1\"><div class=\"et_pb_gallery_image landscape\" data-per_page=\"4\"><a href=\"https:\/\/europeen-immogroup.com\/fr\/wp-content\/uploads\/sites\/2\/HomeStaging-05.webp\" title=\"\"><img loading=\"lazy\" decoding=\"async\" width=\"400\" height=\"284\" src=\"https:\/\/europeen-immogroup.com\/fr\/wp-content\/uploads\/sites\/2\/HomeStaging-05-400x284.webp\" alt=\"Home Staging - Mise en valeur de votre propri\u00e9t\u00e9\" class=\"wp-image-2387\" srcset=\"https:\/\/europeen-immogroup.com\/fr\/wp-content\/uploads\/sites\/2\/HomeStaging-05.webp 479w, https:\/\/europeen-immogroup.com\/fr\/wp-content\/uploads\/sites\/2\/HomeStaging-05-400x284.webp 480w\" sizes=\"(max-width:479px) 479px, 100vw\" \/><span class=\"et_overlay\" data-icon=\"\" data-icon-tablet=\"\" data-icon-phone=\"\"><\/span><\/a><\/div><\/div><div class=\"et_pb_gallery_item et_pb_grid_item et_pb_gallery_item_0_2\"><div class=\"et_pb_gallery_image landscape\" data-per_page=\"4\"><a href=\"https:\/\/europeen-immogroup.com\/fr\/wp-content\/uploads\/sites\/2\/HomeStaging-04.webp\" title=\"\"><img loading=\"lazy\" decoding=\"async\" width=\"400\" height=\"284\" src=\"https:\/\/europeen-immogroup.com\/fr\/wp-content\/uploads\/sites\/2\/HomeStaging-04-400x284.webp\" alt=\"Home Staging - Mise en valeur de votre propri\u00e9t\u00e9\" class=\"wp-image-2388\" srcset=\"https:\/\/europeen-immogroup.com\/fr\/wp-content\/uploads\/sites\/2\/HomeStaging-04.webp 479w, https:\/\/europeen-immogroup.com\/fr\/wp-content\/uploads\/sites\/2\/HomeStaging-04-400x284.webp 480w\" sizes=\"(max-width:479px) 479px, 100vw\" \/><span class=\"et_overlay\" data-icon=\"\" data-icon-tablet=\"\" data-icon-phone=\"\"><\/span><\/a><\/div><\/div><div class=\"et_pb_gallery_item et_pb_grid_item et_pb_gallery_item_0_3\"><div class=\"et_pb_gallery_image landscape\" data-per_page=\"4\"><a href=\"https:\/\/europeen-immogroup.com\/fr\/wp-content\/uploads\/sites\/2\/HomeStaging-03.webp\" title=\"\"><img loading=\"lazy\" decoding=\"async\" width=\"400\" height=\"284\" src=\"https:\/\/europeen-immogroup.com\/fr\/wp-content\/uploads\/sites\/2\/HomeStaging-03-400x284.webp\" alt=\"Home Staging - Mise en valeur de votre propri\u00e9t\u00e9\" class=\"wp-image-2390\" srcset=\"https:\/\/europeen-immogroup.com\/fr\/wp-content\/uploads\/sites\/2\/HomeStaging-03.webp 479w, https:\/\/europeen-immogroup.com\/fr\/wp-content\/uploads\/sites\/2\/HomeStaging-03-400x284.webp 480w\" sizes=\"(max-width:479px) 479px, 100vw\" \/><span class=\"et_overlay\" data-icon=\"\" data-icon-tablet=\"\" data-icon-phone=\"\"><\/span><\/a><\/div><\/div><div class=\"et_pb_gallery_item et_pb_grid_item et_pb_gallery_item_0_4\"><div class=\"et_pb_gallery_image landscape\" data-per_page=\"4\"><a href=\"https:\/\/europeen-immogroup.com\/fr\/wp-content\/uploads\/sites\/2\/HomeStaging-01.webp\" title=\"\"><img loading=\"lazy\" decoding=\"async\" width=\"400\" height=\"284\" src=\"https:\/\/europeen-immogroup.com\/fr\/wp-content\/uploads\/sites\/2\/HomeStaging-01-400x284.webp\" alt=\"Home Staging - Mise en valeur de votre propri\u00e9t\u00e9\" class=\"wp-image-2391\" srcset=\"https:\/\/europeen-immogroup.com\/fr\/wp-content\/uploads\/sites\/2\/HomeStaging-01.webp 479w, https:\/\/europeen-immogroup.com\/fr\/wp-content\/uploads\/sites\/2\/HomeStaging-01-400x284.webp 480w\" sizes=\"(max-width:479px) 479px, 100vw\" \/><span class=\"et_overlay\" data-icon=\"\" data-icon-tablet=\"\" data-icon-phone=\"\"><\/span><\/a><\/div><\/div><div class=\"et_pb_gallery_item et_pb_grid_item et_pb_gallery_item_0_5\"><div class=\"et_pb_gallery_image landscape\" data-per_page=\"4\"><a href=\"https:\/\/europeen-immogroup.com\/fr\/wp-content\/uploads\/sites\/2\/HomeStaging-02.webp\" title=\"\"><img loading=\"lazy\" decoding=\"async\" width=\"400\" height=\"284\" src=\"https:\/\/europeen-immogroup.com\/fr\/wp-content\/uploads\/sites\/2\/HomeStaging-02-400x284.webp\" alt=\"Home Staging - Mise en valeur de votre propri\u00e9t\u00e9\" class=\"wp-image-2392\" srcset=\"https:\/\/europeen-immogroup.com\/fr\/wp-content\/uploads\/sites\/2\/HomeStaging-02.webp 479w, https:\/\/europeen-immogroup.com\/fr\/wp-content\/uploads\/sites\/2\/HomeStaging-02-400x284.webp 480w\" sizes=\"(max-width:479px) 479px, 100vw\" \/><span class=\"et_overlay\" data-icon=\"\" data-icon-tablet=\"\" data-icon-phone=\"\"><\/span><\/a><\/div><\/div><\/div><div class=\"et_pb_gallery_pagination\"><\/div><\/div><\/div><\/div><\/div><div class=\"et_pb_section_5 et_pb_section et_section_regular et_block_section preset--module--divi-section--30fc2427-151c-43ac-abed-b8cb7c3e815b\"><div class=\"et_pb_row_5 et_pb_row et_pb_gutters4 et_block_row preset--module--divi-row--de350406-b923-4b65-9ac5-826f93dd65cd\"><div class=\"et_pb_column_6 et_pb_column et_pb_column_1_3 et_block_column et_pb_css_mix_blend_mode_passthrough\"><div class=\"et_pb_icon_0 et_pb_icon et_pb_module et_block_module\"><span class=\"et_pb_icon_wrap\"><span class=\"et-pb-icon\">\uf02b<\/span><\/span><\/div><div class=\"et_pb_text_6 et_pb_text et_pb_bg_layout_light et_pb_module et_block_module et_pb_text_align_center preset--module--divi-text--09c9d7f5-f508-4ba7-972a-6708e4509f0b\"><div class=\"et_pb_text_inner\"><p>Vendez votre bien \u00e0 un prix plus \u00e9lev\u00e9<\/p>\n<\/div><\/div><\/div><div class=\"et_pb_column_7 et_pb_column et_pb_column_1_3 et_block_column et_pb_css_mix_blend_mode_passthrough\"><div class=\"et_pb_icon_1 et_pb_icon et_pb_module et_block_module\"><span class=\"et_pb_icon_wrap\"><span class=\"et-pb-icon\">\uf073<\/span><\/span><\/div><div class=\"et_pb_text_7 et_pb_text et_pb_bg_layout_light et_pb_module et_block_module et_pb_text_align_center preset--module--divi-text--09c9d7f5-f508-4ba7-972a-6708e4509f0b\"><div class=\"et_pb_text_inner\"><p>Vendez votre bien plus rapidement<\/p>\n<\/div><\/div><\/div><div class=\"et_pb_column_8 et_pb_column et_pb_column_1_3 et-last-child et_block_column et_pb_css_mix_blend_mode_passthrough\"><div class=\"et_pb_icon_2 et_pb_icon et_pb_module et_block_module\"><span class=\"et_pb_icon_wrap\"><span class=\"et-pb-icon\">\uf201<\/span><\/span><\/div><div class=\"et_pb_text_8 et_pb_text et_pb_bg_layout_light et_pb_module et_block_module et_pb_text_align_center preset--module--divi-text--09c9d7f5-f508-4ba7-972a-6708e4509f0b\"><div class=\"et_pb_text_inner\"><p>Maximisez la valeur de votre investissement<\/p>\n<\/div><\/div><\/div><\/div><\/div><div class=\"et_pb_section_6 et_pb_section et_section_regular et_block_section preset--module--divi-section--c5b430dc-6d56-4029-9669-d3c4b4849301\"><div class=\"et_pb_row_6 et_pb_row et_block_row preset--module--divi-row--7a301eb5-3407-45b5-96c7-f794eecc6cc3\"><div class=\"et_pb_column_9 et_pb_column et_pb_column_4_4 et-last-child et_block_column et_pb_css_mix_blend_mode_passthrough\"><div class=\"et_pb_text_9 et_pb_text et_pb_bg_layout_light et_pb_module et_block_module preset--module--divi-text--fa925ff7-2ff6-49b8-a649-07a8c8afccfc\"><div class=\"et_pb_text_inner\"><h3>Demande d\u2019infor\u00adma\u00adtion<\/h3>\n<\/div><\/div><div class=\"et_pb_text_10 et_pb_text et_pb_bg_layout_light et_pb_module et_block_module et_pb_text_align_center preset--module--divi-text--fa925ff7-2ff6-49b8-a649-07a8c8afccfc\"><div class=\"et_pb_text_inner\"><p>Contactez-nous d\u00e8s aujourd'hui pour en savoir plus sur nos services et sur la fa\u00e7on dont nous pouvons vous aider \u00e0 atteindre vos objectifs de vente.<\/p>\n<\/div><\/div><div class=\"et_pb_module et_pb_button_module_wrapper et_pb_button_1_wrapper preset--module--divi-button--679ae6cb-c7c2-4f58-8096-d211b138225b_wrapper\"><a class=\"et_pb_button_1 et_pb_button et_pb_bg_layout_light et_pb_module et_block_module preset--module--divi-button--679ae6cb-c7c2-4f58-8096-d211b138225b\" href=\"https:\/\/europeen-immogroup.com\/fr\/contact\" data-icon=\"\uf086\">Devis gratuit<\/a><\/div><\/div><\/div><\/div>\n","protected":false},"excerpt":{"rendered":"<p>Services professionnels de mise en valeur de votre propri\u00e9t\u00e9<\/p>\n","protected":false},"author":1,"featured_media":2387,"parent":0,"menu_order":0,"comment_status":"closed","ping_status":"closed","template":"","meta":{"footnotes":""},"class_list":["post-2385","page","type-page","status-publish","has-post-thumbnail","hentry"],"_links":{"self":[{"href":"https:\/\/europeen-immogroup.com\/fr\/wp-json\/wp\/v2\/pages\/2385","targetHints":{"allow":["GET"]}}],"collection":[{"href":"https:\/\/europeen-immogroup.com\/fr\/wp-json\/wp\/v2\/pages"}],"about":[{"href":"https:\/\/europeen-immogroup.com\/fr\/wp-json\/wp\/v2\/types\/page"}],"author":[{"embeddable":true,"href":"https:\/\/europeen-immogroup.com\/fr\/wp-json\/wp\/v2\/users\/1"}],"replies":[{"embeddable":true,"href":"https:\/\/europeen-immogroup.com\/fr\/wp-json\/wp\/v2\/comments?post=2385"}],"version-history":[{"count":1,"href":"https:\/\/europeen-immogroup.com\/fr\/wp-json\/wp\/v2\/pages\/2385\/revisions"}],"predecessor-version":[{"id":2545,"href":"https:\/\/europeen-immogroup.com\/fr\/wp-json\/wp\/v2\/pages\/2385\/revisions\/2545"}],"wp:featuredmedia":[{"embeddable":true,"href":"https:\/\/europeen-immogroup.com\/fr\/wp-json\/wp\/v2\/media\/2387"}],"wp:attachment":[{"href":"https:\/\/europeen-immogroup.com\/fr\/wp-json\/wp\/v2\/media?parent=2385"}],"curies":[{"name":"wp","href":"https:\/\/api.w.org\/{rel}","templated":true}]}}