{"id":84,"date":"2022-12-12T19:10:56","date_gmt":"2022-12-12T18:10:56","guid":{"rendered":"https:\/\/europeen-immogroup.com\/fr\/?page_id=84"},"modified":"2026-03-13T15:50:09","modified_gmt":"2026-03-13T14:50:09","slug":"a-propos-de-nous","status":"publish","type":"page","link":"https:\/\/europeen-immogroup.com\/fr\/a-propos-de-nous","title":{"rendered":"\u00c0 propos de nous"},"content":{"rendered":"\n<div class=\"et_pb_section_0 et_pb_section et_section_regular et_block_section preset--module--divi-section--e3c72fc7-27e3-4689-acfa-2f68755afae5\"><div class=\"et_pb_row_0 et_pb_row et_pb_gutters4 et_block_row preset--module--divi-row--db7efa5c-51b2-4580-ac67-54c7f7fb5494\"><div class=\"et_pb_column_0 et_pb_column et_pb_column_4_4 et-last-child et_block_column et_pb_css_mix_blend_mode_passthrough\"><div class=\"et_pb_text_0 et_pb_text et_pb_bg_layout_light et_pb_module et_block_module preset--module--divi-text--57425bd3-f994-4d10-9626-f06a933d5c5c\"><div class=\"et_pb_text_inner\"><h1>\u00c0 propos de nous<\/h1>\n<\/div><\/div><\/div><\/div><\/div><div class=\"et_pb_section_1 et_pb_section et_section_regular et_block_section\"><div class=\"et_pb_row_1 et_pb_row et_block_row ppo-column-reverse\"><div class=\"et_pb_column_1 et_pb_column et_pb_column_1_2 et_block_column et_pb_css_mix_blend_mode_passthrough\"><div class=\"et_pb_text_1 et_pb_text et_pb_bg_layout_light et_pb_module et_block_module\"><div class=\"et_pb_text_inner\"><h2>Une agence proche de ses clients<\/h2>\n<\/div><\/div><div class=\"et_pb_text_2 et_pb_text et_pb_bg_layout_light et_pb_module et_block_module et_pb_text_align_left-tablet et_pb_text_align_left-phone\"><div class=\"et_pb_text_inner\"><p>L\u2019agence immobili\u00e8re Europ\u00e9en Immo Group est sp\u00e9cialis\u00e9e dans la vente de biens immobiliers haut et moyen de gamme sur toute la Cosa del Sol, principalement M\u00e1laga, Benalm\u00e1dena, El Higuer\u00f3n, Fuengirola, Mijas, Marbella, Puerto Ban\u00fas, Estepona, Casares, Manilva, La Duquesa, Sotogrande...<\/p>\n<p>Nous prenons \u00e0 c\u0153ur de trouver le bien qui vous correspond en offrant notre expertise et attention totales ; que vous soyez \u00e0 la recherche d'une r\u00e9sidence principale, secondaire ou d\u2019un investissement.<\/p>\n<p>Notre portefeuille de biens est le r\u00e9sultat d\u2019une s\u00e9lection minutieuse d\u2019appartements et villas r\u00e9pondant \u00e0 des crit\u00e8res stricts de localisation et construction.<\/p>\n<p>La r\u00e9ussite consistera \u00e0 ce que le vendeur et l'acheteur soient pleinement satisfaits.<\/p>\n<\/div><\/div><div class=\"et_pb_module et_pb_button_module_wrapper et_pb_button_0_wrapper\"><a class=\"et_pb_button_0 et_pb_button et_pb_bg_layout_light et_pb_module et_block_module\" href=\"https:\/\/europeen-immogroup.com\/fr\/contact\" data-icon=\"\uf06e\">Prendre rendez-vous<\/a><\/div><\/div><div class=\"et_pb_column_2 et_pb_column et_pb_column_1_2 et-last-child et_block_column et_pb_css_mix_blend_mode_passthrough\"><div class=\"et_pb_image_0 et_pb_image et_pb_module et_block_module ppo-border-by\"><span class=\"et_pb_image_wrap\"><img loading=\"lazy\" decoding=\"async\" src=\"https:\/\/europeen-immogroup.com\/fr\/wp-content\/uploads\/sites\/2\/P001-Nature-03.jpg\" width=\"960\" height=\"540\" srcset=\"https:\/\/europeen-immogroup.com\/fr\/wp-content\/uploads\/sites\/2\/P001-Nature-03.jpg 960w, https:\/\/europeen-immogroup.com\/fr\/wp-content\/uploads\/sites\/2\/P001-Nature-03-480x270.jpg 480w\" sizes=\"(min-width: 0px) and (max-width: 480px) 480px, (min-width: 481px) 960px, 100vw\" class=\"wp-image-100\" alt=\"Nature Collection Living Room\" \/><\/span><\/div><div class=\"et_pb_image_1 et_pb_image et_pb_module et_block_module\"><span class=\"et_pb_image_wrap\"><img loading=\"lazy\" decoding=\"async\" src=\"https:\/\/europeen-immogroup.com\/fr\/wp-content\/uploads\/sites\/2\/P001-Nature-04.jpg\" width=\"960\" height=\"540\" srcset=\"https:\/\/europeen-immogroup.com\/fr\/wp-content\/uploads\/sites\/2\/P001-Nature-04.jpg 960w, https:\/\/europeen-immogroup.com\/fr\/wp-content\/uploads\/sites\/2\/P001-Nature-04-480x270.jpg 480w\" sizes=\"(min-width: 0px) and (max-width: 480px) 480px, (min-width: 481px) 960px, 100vw\" class=\"wp-image-101\" alt=\"Nature Collection Exterior\" \/><\/span><\/div><\/div><\/div><\/div><div class=\"et_pb_section_2 et_pb_section et_section_regular et_block_section preset--module--divi-section--0bedc814-e73f-48c3-b9c1-71548a022f8e\"><div class=\"et_pb_row_2 et_pb_row et_pb_gutters4 et_block_row preset--module--divi-row--d9a16ca0-0b7e-4287-ad87-0899713b5a17\"><div class=\"et_pb_column_3 et_pb_column et_pb_column_1_3 et_block_column et_pb_css_mix_blend_mode_passthrough\"><div class=\"et_pb_icon_0 et_pb_icon et_pb_module et_block_module\"><span class=\"et_pb_icon_wrap\"><span class=\"et-pb-icon\">\ue066<\/span><\/span><\/div><div class=\"et_pb_text_3 et_pb_text et_pb_bg_layout_light et_pb_module et_block_module et_pb_text_align_center preset--module--divi-text--4bc64090-3f02-45ff-b4c3-96221994a1c6\"><div class=\"et_pb_text_inner\"><p>Une connaissance pointue du march\u00e9 immobilier andalou et ses diff\u00e9rentes zones d'habitations.<\/p>\n<\/div><\/div><\/div><div class=\"et_pb_column_4 et_pb_column et_pb_column_1_3 et_block_column et_pb_css_mix_blend_mode_passthrough\"><div class=\"et_pb_icon_1 et_pb_icon et_pb_module et_block_module\"><span class=\"et_pb_icon_wrap\"><span class=\"et-pb-icon\">\uf21d<\/span><\/span><\/div><div class=\"et_pb_text_4 et_pb_text et_pb_bg_layout_light et_pb_module et_block_module et_pb_text_align_center preset--module--divi-text--4bc64090-3f02-45ff-b4c3-96221994a1c6\"><div class=\"et_pb_text_inner\"><p>Un suivi personnalis\u00e9 et attentionn\u00e9, quel que soit votre projet immobilier : r\u00e9sidence principale, secondaire ou investissement.<\/p>\n<\/div><\/div><div class=\"et_pb_module et_pb_button_module_wrapper et_pb_button_1_wrapper\"><a class=\"et_pb_button_1 et_pb_button et_pb_bg_layout_light et_pb_module et_block_module\" href=\"https:\/\/europeen-immogroup.com\/fr\/listing\">D\u00e9couvrir nos biens en vente<\/a><\/div><\/div><div class=\"et_pb_column_5 et_pb_column et_pb_column_1_3 et-last-child et_block_column et_pb_css_mix_blend_mode_passthrough\"><div class=\"et_pb_icon_2 et_pb_icon et_pb_module et_block_module\"><span class=\"et_pb_icon_wrap\"><span class=\"et-pb-icon\">\uf0ac<\/span><\/span><\/div><div class=\"et_pb_text_5 et_pb_text et_pb_bg_layout_light et_pb_module et_block_module et_pb_text_align_center preset--module--divi-text--4bc64090-3f02-45ff-b4c3-96221994a1c6\"><div class=\"et_pb_text_inner\"><p>Des collaborateurs multilingues et sp\u00e9cialis\u00e9s pour vous accompagner au mieux dans votre recherche immobili\u00e8re.<\/p>\n<\/div><\/div><\/div><\/div><\/div>\n","protected":false},"excerpt":{"rendered":"","protected":false},"author":1,"featured_media":0,"parent":0,"menu_order":0,"comment_status":"closed","ping_status":"closed","template":"","meta":{"footnotes":""},"class_list":["post-84","page","type-page","status-publish","hentry"],"_links":{"self":[{"href":"https:\/\/europeen-immogroup.com\/fr\/wp-json\/wp\/v2\/pages\/84","targetHints":{"allow":["GET"]}}],"collection":[{"href":"https:\/\/europeen-immogroup.com\/fr\/wp-json\/wp\/v2\/pages"}],"about":[{"href":"https:\/\/europeen-immogroup.com\/fr\/wp-json\/wp\/v2\/types\/page"}],"author":[{"embeddable":true,"href":"https:\/\/europeen-immogroup.com\/fr\/wp-json\/wp\/v2\/users\/1"}],"replies":[{"embeddable":true,"href":"https:\/\/europeen-immogroup.com\/fr\/wp-json\/wp\/v2\/comments?post=84"}],"version-history":[{"count":1,"href":"https:\/\/europeen-immogroup.com\/fr\/wp-json\/wp\/v2\/pages\/84\/revisions"}],"predecessor-version":[{"id":2542,"href":"https:\/\/europeen-immogroup.com\/fr\/wp-json\/wp\/v2\/pages\/84\/revisions\/2542"}],"wp:attachment":[{"href":"https:\/\/europeen-immogroup.com\/fr\/wp-json\/wp\/v2\/media?parent=84"}],"curies":[{"name":"wp","href":"https:\/\/api.w.org\/{rel}","templated":true}]}}